{"id":1056,"date":"2025-01-27T11:40:48","date_gmt":"2025-01-27T10:40:48","guid":{"rendered":"http:\/\/5.45.101.177\/entrain\/?page_id=1056"},"modified":"2025-08-22T22:29:19","modified_gmt":"2025-08-22T20:29:19","slug":"webinaires-passes","status":"publish","type":"page","link":"https:\/\/reseauentrain.eu\/?page_id=1056","title":{"rendered":"Webinaires pass\u00e9s"},"content":{"rendered":"\n<p>Le premier de la s\u00e9rie 2025 a eu lieu le <strong>15 janvier de 18h00 \u00e0 19h30<\/strong>.<\/p>\n\n\n\n<figure class=\"wp-block-image size-large\"><img decoding=\"async\" loading=\"lazy\" width=\"724\" height=\"1024\" src=\"http:\/\/5.45.101.177\/entrain\/wp-content\/uploads\/2025\/01\/webinaireentrain01-f-724x1024.jpg\" alt=\"\" class=\"wp-image-1009\" srcset=\"https:\/\/reseauentrain.eu\/wp-content\/uploads\/2025\/01\/webinaireentrain01-f-724x1024.jpg 724w, https:\/\/reseauentrain.eu\/wp-content\/uploads\/2025\/01\/webinaireentrain01-f-212x300.jpg 212w, https:\/\/reseauentrain.eu\/wp-content\/uploads\/2025\/01\/webinaireentrain01-f-768x1086.jpg 768w, https:\/\/reseauentrain.eu\/wp-content\/uploads\/2025\/01\/webinaireentrain01-f-1086x1536.jpg 1086w, https:\/\/reseauentrain.eu\/wp-content\/uploads\/2025\/01\/webinaireentrain01-f-600x849.jpg 600w, https:\/\/reseauentrain.eu\/wp-content\/uploads\/2025\/01\/webinaireentrain01-f-1000x1414.jpg 1000w, https:\/\/reseauentrain.eu\/wp-content\/uploads\/2025\/01\/webinaireentrain01-f-230x325.jpg 230w, https:\/\/reseauentrain.eu\/wp-content\/uploads\/2025\/01\/webinaireentrain01-f-350x495.jpg 350w, https:\/\/reseauentrain.eu\/wp-content\/uploads\/2025\/01\/webinaireentrain01-f-480x679.jpg 480w, https:\/\/reseauentrain.eu\/wp-content\/uploads\/2025\/01\/webinaireentrain01-f.jpg 1265w\" sizes=\"(max-width: 724px) 100vw, 724px\" \/><\/figure>\n\n\n\n<p><\/p>\n\n\n\n<p><strong>Vers des d\u00e9placements toujours plus agglocentr\u00e9s ?<\/strong><\/p>\n\n\n\n<p>L\u2019exemple de Lille avec <strong>Mathieu Chassignet<\/strong>, Ing\u00e9nieur sp\u00e9cialiste des mobilit\u00e9s durables et contributeur du think tank lillois <em>Axe culture<\/em>. Il portera un regard averti sur les nouveaux projets de transports lillois et reviendra sur les dangers accrus de m\u00e9tropolisations, th\u00e8me de notre forum 2024.<\/p>\n\n\n\n<p>Et voici la transmission sur Youtube :<\/p>\n\n\n\n<iframe loading=\"lazy\" width=\"560\" height=\"315\" src=\"https:\/\/www.youtube.com\/embed\/nFLxjDNE-h4?si=UR3ejnUpr8Qo5a2Z\" title=\"YouTube video player\" frameborder=\"0\" allow=\"accelerometer; autoplay; clipboard-write; encrypted-media; gyroscope; picture-in-picture; web-share\" referrerpolicy=\"strict-origin-when-cross-origin\" allowfullscreen><\/iframe>\n\n\n\n<p>Le 2\u00e8me de la s\u00e9rie a eu lieu le <strong>10 f\u00e9vrier <\/strong>.<\/p>\n\n\n\n<figure class=\"wp-block-image size-large\"><img decoding=\"async\" loading=\"lazy\" width=\"724\" height=\"1024\" src=\"http:\/\/5.45.101.177\/entrain\/wp-content\/uploads\/2025\/01\/Flyer-webinaireentrain-02-v00-724x1024.jpg\" alt=\"\" class=\"wp-image-1059\" srcset=\"https:\/\/reseauentrain.eu\/wp-content\/uploads\/2025\/01\/Flyer-webinaireentrain-02-v00-724x1024.jpg 724w, https:\/\/reseauentrain.eu\/wp-content\/uploads\/2025\/01\/Flyer-webinaireentrain-02-v00-212x300.jpg 212w, https:\/\/reseauentrain.eu\/wp-content\/uploads\/2025\/01\/Flyer-webinaireentrain-02-v00-768x1086.jpg 768w, https:\/\/reseauentrain.eu\/wp-content\/uploads\/2025\/01\/Flyer-webinaireentrain-02-v00-1087x1536.jpg 1087w, https:\/\/reseauentrain.eu\/wp-content\/uploads\/2025\/01\/Flyer-webinaireentrain-02-v00-600x848.jpg 600w, https:\/\/reseauentrain.eu\/wp-content\/uploads\/2025\/01\/Flyer-webinaireentrain-02-v00-1000x1414.jpg 1000w, https:\/\/reseauentrain.eu\/wp-content\/uploads\/2025\/01\/Flyer-webinaireentrain-02-v00-230x325.jpg 230w, https:\/\/reseauentrain.eu\/wp-content\/uploads\/2025\/01\/Flyer-webinaireentrain-02-v00-350x495.jpg 350w, https:\/\/reseauentrain.eu\/wp-content\/uploads\/2025\/01\/Flyer-webinaireentrain-02-v00-480x679.jpg 480w, https:\/\/reseauentrain.eu\/wp-content\/uploads\/2025\/01\/Flyer-webinaireentrain-02-v00.jpg 1257w\" sizes=\"(max-width: 724px) 100vw, 724px\" \/><\/figure>\n\n\n\n<p><\/p>\n\n\n\n<p><strong>Pr\u00e9curseur du RER en territoire moins dense : le projet du P\u00e9rigord limousin<\/strong>.<\/p>\n\n\n\n<p>L\u2019exemple de P\u00e9rigueux avec Antonin Boyer, Tram train limousin, Collectif BonSensPaysan et Johann\u00e8s Bouillaguet, Directeur de P\u00e9rimouv.<\/p>\n\n\n\n<p>Le replay du cette 2\u00e8me \u00e9dition :<\/p>\n\n\n\n<iframe loading=\"lazy\" width=\"560\" height=\"315\" src=\"https:\/\/www.youtube.com\/embed\/WR9tjmebpNc?si=XDqebDKnpK1v8tQA\" title=\"YouTube video player\" frameborder=\"0\" allow=\"accelerometer; autoplay; clipboard-write; encrypted-media; gyroscope; picture-in-picture; web-share\" referrerpolicy=\"strict-origin-when-cross-origin\" allowfullscreen><\/iframe>\n\n\n\n<p>Le 3\u00e8me de la s\u00e9rie a eu lieu le <strong>10 mars<\/strong>.<\/p>\n\n\n\n<figure class=\"wp-block-image size-full\"><img decoding=\"async\" loading=\"lazy\" width=\"724\" height=\"1024\" src=\"http:\/\/5.45.101.177\/entrain\/wp-content\/uploads\/2025\/03\/image.png\" alt=\"\" class=\"wp-image-1204\" srcset=\"https:\/\/reseauentrain.eu\/wp-content\/uploads\/2025\/03\/image.png 724w, https:\/\/reseauentrain.eu\/wp-content\/uploads\/2025\/03\/image-212x300.png 212w, https:\/\/reseauentrain.eu\/wp-content\/uploads\/2025\/03\/image-600x849.png 600w, https:\/\/reseauentrain.eu\/wp-content\/uploads\/2025\/03\/image-230x325.png 230w, https:\/\/reseauentrain.eu\/wp-content\/uploads\/2025\/03\/image-350x495.png 350w, https:\/\/reseauentrain.eu\/wp-content\/uploads\/2025\/03\/image-480x679.png 480w\" sizes=\"(max-width: 724px) 100vw, 724px\" \/><\/figure>\n\n\n\n<p><\/p>\n\n\n\n<p><strong>Le service \u00ab\u00a0Regio-S-Bahn\u00a0\u00bb de Br\u00eame (Allemagne) : un RER pour tous les territoires ?<\/strong><\/p>\n\n\n\n<p>L\u2019exemple de Br\u00eame (Bremen) avec <strong>Vincent Doumayrou<\/strong>, expert ferroviaire, pour une mise en contexte et <strong>Hermann Schneider<\/strong>, Objectif RER m\u00e9tropolitains et groupe Transdev, qui pr\u00e9sentait l\u2019exploitation du r\u00e9seau.<\/p>\n\n\n\n<p>L&rsquo;archivage n&rsquo;a pu s&rsquo;effectuer. Aussi nous mettons en ligne les pr\u00e9sentations (cliquer) :<\/p>\n\n\n\n<p>Celle de V. Doumayrou.<\/p>\n\n\n\n<figure class=\"wp-block-image size-large is-resized\"><a href=\"http:\/\/5.45.101.177\/entrain\/wp-content\/uploads\/2025\/03\/Breme-Vincent-PDF.pdf\"><img decoding=\"async\" loading=\"lazy\" src=\"http:\/\/5.45.101.177\/entrain\/wp-content\/uploads\/2025\/03\/Le-service-Regio-S-Bahn-de-Breme-1024x576.jpg\" alt=\"\" class=\"wp-image-1205\" width=\"790\" height=\"444\" srcset=\"https:\/\/reseauentrain.eu\/wp-content\/uploads\/2025\/03\/Le-service-Regio-S-Bahn-de-Breme-1024x576.jpg 1024w, https:\/\/reseauentrain.eu\/wp-content\/uploads\/2025\/03\/Le-service-Regio-S-Bahn-de-Breme-300x169.jpg 300w, https:\/\/reseauentrain.eu\/wp-content\/uploads\/2025\/03\/Le-service-Regio-S-Bahn-de-Breme-768x432.jpg 768w, https:\/\/reseauentrain.eu\/wp-content\/uploads\/2025\/03\/Le-service-Regio-S-Bahn-de-Breme-1536x864.jpg 1536w, https:\/\/reseauentrain.eu\/wp-content\/uploads\/2025\/03\/Le-service-Regio-S-Bahn-de-Breme-600x337.jpg 600w, https:\/\/reseauentrain.eu\/wp-content\/uploads\/2025\/03\/Le-service-Regio-S-Bahn-de-Breme-1000x562.jpg 1000w, https:\/\/reseauentrain.eu\/wp-content\/uploads\/2025\/03\/Le-service-Regio-S-Bahn-de-Breme-230x129.jpg 230w, https:\/\/reseauentrain.eu\/wp-content\/uploads\/2025\/03\/Le-service-Regio-S-Bahn-de-Breme-350x197.jpg 350w, https:\/\/reseauentrain.eu\/wp-content\/uploads\/2025\/03\/Le-service-Regio-S-Bahn-de-Breme-480x270.jpg 480w, https:\/\/reseauentrain.eu\/wp-content\/uploads\/2025\/03\/Le-service-Regio-S-Bahn-de-Breme.jpg 1986w\" sizes=\"(max-width: 790px) 100vw, 790px\" \/><\/a><\/figure>\n\n\n\n<p>Celle de Hermann Schneider.<\/p>\n\n\n\n<figure class=\"wp-block-image size-large\"><a href=\"http:\/\/5.45.101.177\/entrain\/wp-content\/uploads\/2025\/03\/HSchneider_10-MARS-2025-2.pdf\"><img decoding=\"async\" loading=\"lazy\" width=\"1024\" height=\"584\" src=\"http:\/\/5.45.101.177\/entrain\/wp-content\/uploads\/2025\/03\/pres-hermann-1024x584.png\" alt=\"\" class=\"wp-image-1211\" srcset=\"https:\/\/reseauentrain.eu\/wp-content\/uploads\/2025\/03\/pres-hermann-1024x584.png 1024w, https:\/\/reseauentrain.eu\/wp-content\/uploads\/2025\/03\/pres-hermann-300x171.png 300w, https:\/\/reseauentrain.eu\/wp-content\/uploads\/2025\/03\/pres-hermann-768x438.png 768w, https:\/\/reseauentrain.eu\/wp-content\/uploads\/2025\/03\/pres-hermann-600x342.png 600w, https:\/\/reseauentrain.eu\/wp-content\/uploads\/2025\/03\/pres-hermann-1000x570.png 1000w, https:\/\/reseauentrain.eu\/wp-content\/uploads\/2025\/03\/pres-hermann-230x131.png 230w, https:\/\/reseauentrain.eu\/wp-content\/uploads\/2025\/03\/pres-hermann-350x199.png 350w, https:\/\/reseauentrain.eu\/wp-content\/uploads\/2025\/03\/pres-hermann-480x274.png 480w, https:\/\/reseauentrain.eu\/wp-content\/uploads\/2025\/03\/pres-hermann.png 1109w\" sizes=\"(max-width: 1024px) 100vw, 1024px\" \/><\/a><\/figure>\n\n\n\n<p><\/p>\n\n\n\n<p>Le 4\u00e8me de la s\u00e9rie a eu lieu le <strong>10 avril<\/strong>.<\/p>\n\n\n\n<figure class=\"wp-block-image size-large\"><img decoding=\"async\" loading=\"lazy\" width=\"724\" height=\"1024\" src=\"http:\/\/5.45.101.177\/entrain\/wp-content\/uploads\/2025\/04\/Flyer-webinaire-entrain-avril-25-f-2000-724x1024.jpg\" alt=\"\" class=\"wp-image-1257\" srcset=\"https:\/\/reseauentrain.eu\/wp-content\/uploads\/2025\/04\/Flyer-webinaire-entrain-avril-25-f-2000-724x1024.jpg 724w, https:\/\/reseauentrain.eu\/wp-content\/uploads\/2025\/04\/Flyer-webinaire-entrain-avril-25-f-2000-212x300.jpg 212w, https:\/\/reseauentrain.eu\/wp-content\/uploads\/2025\/04\/Flyer-webinaire-entrain-avril-25-f-2000-768x1087.jpg 768w, https:\/\/reseauentrain.eu\/wp-content\/uploads\/2025\/04\/Flyer-webinaire-entrain-avril-25-f-2000-1086x1536.jpg 1086w, https:\/\/reseauentrain.eu\/wp-content\/uploads\/2025\/04\/Flyer-webinaire-entrain-avril-25-f-2000-600x849.jpg 600w, https:\/\/reseauentrain.eu\/wp-content\/uploads\/2025\/04\/Flyer-webinaire-entrain-avril-25-f-2000-1000x1415.jpg 1000w, https:\/\/reseauentrain.eu\/wp-content\/uploads\/2025\/04\/Flyer-webinaire-entrain-avril-25-f-2000-230x325.jpg 230w, https:\/\/reseauentrain.eu\/wp-content\/uploads\/2025\/04\/Flyer-webinaire-entrain-avril-25-f-2000-350x495.jpg 350w, https:\/\/reseauentrain.eu\/wp-content\/uploads\/2025\/04\/Flyer-webinaire-entrain-avril-25-f-2000-480x679.jpg 480w, https:\/\/reseauentrain.eu\/wp-content\/uploads\/2025\/04\/Flyer-webinaire-entrain-avril-25-f-2000.jpg 1405w\" sizes=\"(max-width: 724px) 100vw, 724px\" \/><\/figure>\n\n\n\n<p><strong>A69 Toulouse Castres : Partir de l&rsquo;alternative ferroviaire pour r\u00e9pondre aux besoins r\u00e9els<\/strong><\/p>\n\n\n\n<p>Avec <strong>Daniel Emery<\/strong>, Ecole des Ponts (ENPC-Paris) et consultant ind\u00e9pendant (Railemery-EIRL), ex enseignant de l\u2019Ecole Polytechnique F\u00e9d\u00e9rale de Lausanne (EPFL). Actif dans le monde ferroviaire depuis plus de 40&nbsp;ans, il est un expert ferroviaire reconnu tant en Suisse, qu&rsquo;en France et \u00e0 l&rsquo;International. Il a notamment fait partie de l\u2019\u00e9quipe qui a r\u00e9alis\u00e9 l\u2019audit de l\u2019ensemble du r\u00e9seau ferr\u00e9 fran\u00e7ais en 2005 (Audit Rivier) pour le compte conjoint de RFF et SNCF. Il pr\u00e9sentera son \u00e9tude sur la liaison Saint-Sulpice Castres et ses consid\u00e9rations sur Castres-Mazamet<\/p>\n\n\n\n<p>et <strong>Beno\u00eet Durand<\/strong>, d&rsquo;Alternative ferroviaire.<\/p>\n\n\n\n<p>Le replay de cette 4\u00e8me \u00e9dition :<\/p>\n\n\n\n<iframe loading=\"lazy\" width=\"560\" height=\"315\" src=\"https:\/\/www.youtube.com\/embed\/IwNLlPGHCX4?si=SYRlVLzftm0pKwg7\" title=\"YouTube video player\" frameborder=\"0\" allow=\"accelerometer; autoplay; clipboard-write; encrypted-media; gyroscope; picture-in-picture; web-share\" referrerpolicy=\"strict-origin-when-cross-origin\" allowfullscreen><\/iframe>\n\n\n\n<p>Le 5\u00e8me de la s\u00e9rie a eu lieu le <strong>15 <\/strong>mai.<\/p>\n\n\n\n<figure class=\"wp-block-image size-large\"><img decoding=\"async\" loading=\"lazy\" width=\"724\" height=\"1024\" src=\"http:\/\/5.45.101.177\/entrain\/wp-content\/uploads\/2025\/05\/Flyer-webinaireentrain-mai2025-v03-724x1024.jpg\" alt=\"\" class=\"wp-image-1460\" srcset=\"https:\/\/reseauentrain.eu\/wp-content\/uploads\/2025\/05\/Flyer-webinaireentrain-mai2025-v03-724x1024.jpg 724w, https:\/\/reseauentrain.eu\/wp-content\/uploads\/2025\/05\/Flyer-webinaireentrain-mai2025-v03-212x300.jpg 212w, https:\/\/reseauentrain.eu\/wp-content\/uploads\/2025\/05\/Flyer-webinaireentrain-mai2025-v03-768x1087.jpg 768w, https:\/\/reseauentrain.eu\/wp-content\/uploads\/2025\/05\/Flyer-webinaireentrain-mai2025-v03-600x849.jpg 600w, https:\/\/reseauentrain.eu\/wp-content\/uploads\/2025\/05\/Flyer-webinaireentrain-mai2025-v03-1000x1415.jpg 1000w, https:\/\/reseauentrain.eu\/wp-content\/uploads\/2025\/05\/Flyer-webinaireentrain-mai2025-v03-230x325.jpg 230w, https:\/\/reseauentrain.eu\/wp-content\/uploads\/2025\/05\/Flyer-webinaireentrain-mai2025-v03-350x495.jpg 350w, https:\/\/reseauentrain.eu\/wp-content\/uploads\/2025\/05\/Flyer-webinaireentrain-mai2025-v03-480x679.jpg 480w, https:\/\/reseauentrain.eu\/wp-content\/uploads\/2025\/05\/Flyer-webinaireentrain-mai2025-v03.jpg 1058w\" sizes=\"(max-width: 724px) 100vw, 724px\" \/><\/figure>\n\n\n\n<p><strong>Une m\u00e9tropole r\u00e9gionale et une gare centrale en terminus : quel \u00ab\u00a0RER\u00a0\u00bb pour Tours et la Touraine ?<\/strong><\/p>\n\n\n\n<p>Avec <strong>Jean-Paul Carlat,<\/strong> Membre du Conseil Economique, Social et Environnemental de la R\u00e9gion Centre &#8211; Val de Loire.<\/p>\n\n\n\n<p>Le replay de cette 5\u00e8me \u00e9dition :<\/p>\n\n\n\n<iframe loading=\"lazy\" width=\"560\" height=\"315\" src=\"https:\/\/www.youtube.com\/embed\/tK3ceqHWlrs?si=HeR4tCr94N1jDEhd\" title=\"YouTube video player\" frameborder=\"0\" allow=\"accelerometer; autoplay; clipboard-write; encrypted-media; gyroscope; picture-in-picture; web-share\" referrerpolicy=\"strict-origin-when-cross-origin\" allowfullscreen><\/iframe>\n\n\n\n<p>Le 6\u00e8me de la s\u00e9rie a eu lieu le 10 juin 2025 :<\/p>\n\n\n\n<figure class=\"wp-block-image size-full\"><img decoding=\"async\" loading=\"lazy\" width=\"724\" height=\"1024\" src=\"http:\/\/5.45.101.177\/entrain\/wp-content\/uploads\/2025\/08\/image.png\" alt=\"\" class=\"wp-image-2077\" srcset=\"https:\/\/reseauentrain.eu\/wp-content\/uploads\/2025\/08\/image.png 724w, https:\/\/reseauentrain.eu\/wp-content\/uploads\/2025\/08\/image-212x300.png 212w, https:\/\/reseauentrain.eu\/wp-content\/uploads\/2025\/08\/image-600x849.png 600w, https:\/\/reseauentrain.eu\/wp-content\/uploads\/2025\/08\/image-230x325.png 230w, https:\/\/reseauentrain.eu\/wp-content\/uploads\/2025\/08\/image-350x495.png 350w, https:\/\/reseauentrain.eu\/wp-content\/uploads\/2025\/08\/image-480x679.png 480w\" sizes=\"(max-width: 724px) 100vw, 724px\" \/><\/figure>\n\n\n\n<p> <strong>La place des Ferrocarrils de la Generalitat de Catalunya (FGC) dans le sch\u00e9ma de transports urbains de Barcelone.<\/strong><\/p>\n\n\n\n<p>Avec <strong>Carles Casas Esplugas,<\/strong> Directeur Strat\u00e9gie Planning &amp; ESG, Ferrocarrils de la Generalitat de Catalunya.<\/p>\n\n\n\n<p>Le replay de cette de cette 6\u00e8me \u00e9dition :<\/p>\n\n\n\n<iframe loading=\"lazy\" width=\"560\" height=\"315\" src=\"https:\/\/www.youtube.com\/embed\/8UdQiv55hMU?si=grVjRwFGk81-xEPu\" title=\"YouTube video player\" frameborder=\"0\" allow=\"accelerometer; autoplay; clipboard-write; encrypted-media; gyroscope; picture-in-picture; web-share\" referrerpolicy=\"strict-origin-when-cross-origin\" allowfullscreen><\/iframe>\n","protected":false},"excerpt":{"rendered":"<p>Le premier de la s\u00e9rie 2025 a eu lieu le 15 janvier de 18h00 \u00e0 19h30. Vers des d\u00e9placements toujours plus agglocentr\u00e9s&hellip; <a class=\"read-more-link\" href=\"https:\/\/reseauentrain.eu\/?page_id=1056\">En lire plus<\/a><\/p>\n","protected":false},"author":1,"featured_media":0,"parent":0,"menu_order":0,"comment_status":"closed","ping_status":"closed","template":"","meta":[],"_links":{"self":[{"href":"https:\/\/reseauentrain.eu\/index.php?rest_route=\/wp\/v2\/pages\/1056"}],"collection":[{"href":"https:\/\/reseauentrain.eu\/index.php?rest_route=\/wp\/v2\/pages"}],"about":[{"href":"https:\/\/reseauentrain.eu\/index.php?rest_route=\/wp\/v2\/types\/page"}],"author":[{"embeddable":true,"href":"https:\/\/reseauentrain.eu\/index.php?rest_route=\/wp\/v2\/users\/1"}],"replies":[{"embeddable":true,"href":"https:\/\/reseauentrain.eu\/index.php?rest_route=%2Fwp%2Fv2%2Fcomments&post=1056"}],"version-history":[{"count":10,"href":"https:\/\/reseauentrain.eu\/index.php?rest_route=\/wp\/v2\/pages\/1056\/revisions"}],"predecessor-version":[{"id":2078,"href":"https:\/\/reseauentrain.eu\/index.php?rest_route=\/wp\/v2\/pages\/1056\/revisions\/2078"}],"wp:attachment":[{"href":"https:\/\/reseauentrain.eu\/index.php?rest_route=%2Fwp%2Fv2%2Fmedia&parent=1056"}],"curies":[{"name":"wp","href":"https:\/\/api.w.org\/{rel}","templated":true}]}}