{"id":34,"date":"2023-05-14T20:34:40","date_gmt":"2023-05-14T18:34:40","guid":{"rendered":"http:\/\/entrain.dulibre.net\/?page_id=34"},"modified":"2023-06-14T13:33:16","modified_gmt":"2023-06-14T11:33:16","slug":"missions","status":"publish","type":"page","link":"https:\/\/reseauentrain.eu\/?page_id=34","title":{"rendered":"Missions"},"content":{"rendered":"\r\n<p>Le r\u00e9seau #enTrain est n\u00e9 d\u2019un partenerariat pluriannuel conclu entre l<a href=\"https:\/\/www.association-must.ch\/association\">\u2019association\u00a0<\/a><a href=\"https:\/\/www.association-must.ch\/association\">MUST\u00a0<\/a><a href=\"https:\/\/www.association-must.ch\/association\">(Mobilit\u00e9 et Usages Soutenables du Territoire)<\/a>\u00a0et\u00a0<a href=\"https:\/\/www.fph.ch\/index_en.html\">la fondation Charles L\u00e9opold Mayer pour le progr\u00e8s de l\u2019homme (FPH)<\/a>. L\u2019association MUST a re\u00e7u comme mission d\u2019\u00e9tudier l\u2019\u00e9volution de la mobilit\u00e9 dans une perspective de sobri\u00e9t\u00e9 carbone. La promotion du rail, par la cr\u00e9ation d\u2019un r\u00e9seau #enTrain, est au c\u0153ur de ce partenariat.<\/p>\r\n\r\n\r\n\r\n<p>Alors m\u00eame que le train prend une place de plus en plus importante dans le d\u00e9bat public comme solution de d\u00e9placement plus sobre en carbone, le rail reste trop souvent le parent pauvre de la transition \u00e9nerg\u00e9tique. Ceci se mat\u00e9rialise \u00e0 travers la fermeture de certaines lignes et la suppression de certains types d\u2019offres comme les relations interr\u00e9gionales, de moyenne distance et de nuit. De nombreuses associations locales luttent contre ce d\u00e9mant\u00e8lement.<\/p>\r\n\r\n\r\n\r\n<p>MUST a mis sur pied le r\u00e9seau #enTrain pour favoriser la mise en r\u00e9seau des acteurs associatifs latins (francophonie et Espagne) en mati\u00e8re de d\u00e9fense du rail, soutenir et amplifier leurs actions et renforcer la place du train dans les politiques de mobilit\u00e9 nationales et internationales.<\/p>\r\n\r\n\r\n\r\n<p>Les principaux leviers :<\/p>\r\n\r\n\r\n\r\n<ul>\r\n<li>Clarifier une vision commune par la r\u00e9daction d\u2019une\u00a0<a href=\"http:\/\/5.45.101.177\/entrain\/wp-content\/uploads\/2023\/06\/2021_10_08_Charte-Version-Finale.pdf\"><strong>CHARTE<\/strong><\/a><\/li>\r\n\r\n\r\n\r\n<li>Intensifier les \u00e9changes et les cr\u00e9er des synergies<\/li>\r\n\r\n\r\n\r\n<li>D\u00e9velopper un plaidoyer national et international pour la mise en place d\u2019un syst\u00e8me favorable au d\u00e9veloppement du rail<\/li>\r\n\r\n\r\n\r\n<li>Amplifier la voix des membres<\/li>\r\n<\/ul>\r\n","protected":false},"excerpt":{"rendered":"<p>Le r\u00e9seau #enTrain est n\u00e9 d\u2019un partenerariat pluriannuel conclu entre l\u2019association\u00a0MUST\u00a0(Mobilit\u00e9 et Usages Soutenables du Territoire)\u00a0et\u00a0la fondation Charles L\u00e9opold Mayer pour le&hellip; <a class=\"read-more-link\" href=\"https:\/\/reseauentrain.eu\/?page_id=34\">En lire plus<\/a><\/p>\n","protected":false},"author":1,"featured_media":0,"parent":0,"menu_order":0,"comment_status":"closed","ping_status":"closed","template":"","meta":[],"_links":{"self":[{"href":"https:\/\/reseauentrain.eu\/index.php?rest_route=\/wp\/v2\/pages\/34"}],"collection":[{"href":"https:\/\/reseauentrain.eu\/index.php?rest_route=\/wp\/v2\/pages"}],"about":[{"href":"https:\/\/reseauentrain.eu\/index.php?rest_route=\/wp\/v2\/types\/page"}],"author":[{"embeddable":true,"href":"https:\/\/reseauentrain.eu\/index.php?rest_route=\/wp\/v2\/users\/1"}],"replies":[{"embeddable":true,"href":"https:\/\/reseauentrain.eu\/index.php?rest_route=%2Fwp%2Fv2%2Fcomments&post=34"}],"version-history":[{"count":5,"href":"https:\/\/reseauentrain.eu\/index.php?rest_route=\/wp\/v2\/pages\/34\/revisions"}],"predecessor-version":[{"id":463,"href":"https:\/\/reseauentrain.eu\/index.php?rest_route=\/wp\/v2\/pages\/34\/revisions\/463"}],"wp:attachment":[{"href":"https:\/\/reseauentrain.eu\/index.php?rest_route=%2Fwp%2Fv2%2Fmedia&parent=34"}],"curies":[{"name":"wp","href":"https:\/\/api.w.org\/{rel}","templated":true}]}}