{"id":758,"date":"2024-07-26T07:50:47","date_gmt":"2024-07-26T05:50:47","guid":{"rendered":"http:\/\/5.45.101.177\/entrain\/?page_id=758"},"modified":"2024-10-18T16:56:00","modified_gmt":"2024-10-18T14:56:00","slug":"forum-2024","status":"publish","type":"page","link":"https:\/\/reseauentrain.eu\/?page_id=758","title":{"rendered":"Forum 2024"},"content":{"rendered":"\n<figure class=\"wp-block-image size-full is-resized\"><img decoding=\"async\" loading=\"lazy\" src=\"http:\/\/5.45.101.177\/entrain\/wp-content\/uploads\/2024\/07\/Lille_gd_place_pano_ter.jpg\" alt=\"\" class=\"wp-image-759\" width=\"788\" height=\"199\" srcset=\"https:\/\/reseauentrain.eu\/wp-content\/uploads\/2024\/07\/Lille_gd_place_pano_ter.jpg 713w, https:\/\/reseauentrain.eu\/wp-content\/uploads\/2024\/07\/Lille_gd_place_pano_ter-300x76.jpg 300w, https:\/\/reseauentrain.eu\/wp-content\/uploads\/2024\/07\/Lille_gd_place_pano_ter-600x151.jpg 600w, https:\/\/reseauentrain.eu\/wp-content\/uploads\/2024\/07\/Lille_gd_place_pano_ter-230x58.jpg 230w, https:\/\/reseauentrain.eu\/wp-content\/uploads\/2024\/07\/Lille_gd_place_pano_ter-350x88.jpg 350w, https:\/\/reseauentrain.eu\/wp-content\/uploads\/2024\/07\/Lille_gd_place_pano_ter-480x121.jpg 480w\" sizes=\"(max-width: 788px) 100vw, 788px\" \/><\/figure>\n\n\n\n<p>Le Forum 2024 du R\u00e9seau #enTrain a eu lieu \u00e0 Roubaix le <strong>vendredi 11 octobre 2024 pr\u00e8s de Lille<\/strong>, capitale des Flandres.<\/p>\n\n\n\n<iframe loading=\"lazy\" width=\"560\" height=\"315\" src=\"https:\/\/www.youtube.com\/embed\/PGWeagcIrtY?si=DuHETjABZyjG0mMG\" title=\"YouTube video player\" frameborder=\"0\" allow=\"accelerometer; autoplay; clipboard-write; encrypted-media; gyroscope; picture-in-picture; web-share\" referrerpolicy=\"strict-origin-when-cross-origin\" allowfullscreen><\/iframe>\n\n\n\n<p>L&rsquo;\u00e9v\u00e9nement du 11 octobre, accessible \u00e0 tous, a eu lieu l&rsquo;apr\u00e8s-midi et s&rsquo;articulait autour du th\u00e8me : <\/p>\n\n\n\n<p><mark style=\"background-color:#0693e3\" class=\"has-inline-color has-white-color\">Les RER m\u00e9tropolitains, splendeur et mis\u00e8re ?<\/mark><\/p>\n\n\n\n<p>Les RER m\u00e9tropolitains (SERM selon la terminologie officielle) figurent d\u00e9sormais au c\u0153ur des pr\u00e9occupations des milieux ferroviaires en France. Ils sont \u00e9voqu\u00e9s dans la loi d&rsquo;orientation des mobilit\u00e9s de 2019, Jean-Pierre Farandou souligne leur n\u00e9cessit\u00e9 dans le document Faire fois deux (2022) et d\u00e9sormais, ils font l&rsquo;objet d\u2019une loi ad hoc, promulgu\u00e9e le 27 d\u00e9cembre 2023.<\/p>\n\n\n\n<p>L&rsquo;objectif de cette demi-journ\u00e9e organis\u00e9e par l&rsquo;association EnTrain, est de r\u00e9fl\u00e9chir aux zones d&rsquo;ombre du concept, sans forc\u00e9ment remettre en cause leur pertinence de principe. Mieux desservir les grandes villes, d\u2019accord, mais quelle articulation avec le reste du r\u00e9seau ferr\u00e9&nbsp;? Quelles cons\u00e9quences pour les dessertes dans les territoires p\u00e9riph\u00e9riques&nbsp;? Et quelles interactions avec les autres moyens de transport ?<\/p>\n\n\n\n<p><strong>\u00c9v\u00e9nement 1&nbsp;&#8211; 13 h 45 <\/strong>: <strong>SERM, grand projet ou meilleure valorisation du r\u00e9seau ?<\/strong><\/p>\n\n\n\n<p>Dans certaines villes, \u00e0 Lille par exemple mais aussi \u00e0 Marseille, la gare principale est en terminus, ce qui implique la construction d\u2019une gare souterraine pour diam\u00e9traliser les relations, comme \u00e0 Paris ou dans certaines villes allemandes (Munich, Francfort-sur-le-Main, Stuttgart). Une telle r\u00e9alisation n&rsquo;\u00e9chappe pas au syndrome dit de l'\u00a0\u00bb\u00e9l\u00e9phant blanc\u00a0\u00bb, avec des critiques quant \u00e0 son co\u00fbt et \u00e0 son impact environnemental. Mais des alternatives existent&nbsp;: elles se basent sur une utilisation optimis\u00e9e du r\u00e9seau, notamment des r\u00e9ouvertures de lignes et une am\u00e9lioration des p\u00f4les d&rsquo;\u00e9changes avec les transports urbains.<\/p>\n\n\n\n<p><em><strong>Introduction :<\/strong><\/em> Jean-Claude Degand, Objectifs RER M\u00e9tropolitains.<\/p>\n\n\n\n<p><em><strong>Conf\u00e9rence<\/strong> :<\/em> Cyprien Richer, CEREMA, Lille : Du \u00ab REGL \u00bb au \u00ab SERM \u00bb : enjeux, controverses et perspectives pour augmenter les trains du quotidien dans l\u2019aire m\u00e9tropolitaine lilloise.<\/p>\n\n\n\n<p><\/p>\n\n\n\n<p><strong>\u00c9v\u00e9nement 2 \u2013 15 h <\/strong>: <strong>Les SERM et les territoires p\u00e9riph\u00e9riques, effet d&rsquo;entra\u00eenement ou risque d&rsquo;exclusion ?<\/strong><\/p>\n\n\n\n<p>Parmi la soci\u00e9t\u00e9 civile et la population g\u00e9n\u00e9rale, de nombreuses inqui\u00e9tudes sont formul\u00e9es sur la mise en place des SERM, qui pourrait g\u00e9n\u00e9rer une exclusion plus marqu\u00e9e encore des liaisons de desserte fine dans les territoires p\u00e9riph\u00e9riques. Cette table ronde aborde le sujet ainsi que la question de l\u2019intermodalit\u00e9 avec le v\u00e9lo et la desserte des territoires, la loi pr\u00e9voyant des r\u00e9seaux cyclables au sein des SERM.<\/p>\n\n\n\n<p><strong><em>Table ronde<\/em><\/strong> anim\u00e9e par Yves Adaken, de la r\u00e9daction de M\u00e9diacit\u00e9s Lille<br><strong>Intervenants&nbsp;:<\/strong><br>Maxime Pol : Sur les Rails, Aulnoye-Aymeries (59).<br>Michel Anceau&nbsp;: Association pour le Droit au v\u00e9lo, ADAV, Lille.<br>Jo\u00ebl Hillaireau : Sauvons les Trains Bordeaux \u2013 La Rochelle \u2013 Nantes, Bordeaux.<\/p>\n\n\n\n<p><\/p>\n\n\n\n<p><strong>\u00c9v\u00e9nement 3&nbsp;&#8211; 16 h 15 : Les trains \u00ab\u00a0S\u00a0\u00bb, ou des SERM \u00e0 la belge ?<\/strong><\/p>\n\n\n\n<p>Notre voisin belge a opt\u00e9 pour le cadencement int\u00e9gral depuis 1984 et le plan IC &#8211; IR. Le voyageur y dispose donc d\u00e9j\u00e0, \u00e0 l&rsquo;\u00e9chelle du pays, d&rsquo;un RER de fait. Mais paradoxalement, c&rsquo;est assez r\u00e9cemment que la SNCB a mis en place des dessertes cadenc\u00e9es d\u00e9di\u00e9es aux grands p\u00f4les urbains : les trains Cityrail \u00e0 Bruxelles dans les ann\u00e9es 2000, puis \u00ab\u00a0S\u00a0\u00bb \u00e0 Bruxelles, et autour des autres grandes villes du pays depuis 2015. Il s&rsquo;agit souvent, en r\u00e9alit\u00e9, de dessertes anciennement locales (dites \u00ab\u00a0L\u00a0\u00bb) et leur transformation en \u00ab\u00a0S\u00a0\u00bb (suburbain) rel\u00e8ve au moins autant de l&rsquo;affichage commercial que de la mise en place d&rsquo;un v\u00e9ritable RER&#8230; sauf \u00e0 Bruxelles o\u00f9 les travaux d\u2019am\u00e9lioration des voies battent leur plein. L&rsquo;occasion de faire un point sur la situation belge et les le\u00e7ons \u00e0 tirer pour la mise en place des SERM en France.<\/p>\n\n\n\n<p><em><strong>Premi\u00e8re conf\u00e9rence <\/strong>:<\/em><br>Bernard Swartenbroekx, Expert ferroviaire, Ottignies Louvain-la-Neuve (Bruxelles) : Dessertes m\u00e9tropolitaines en Belgique : promesses, ambigu\u00eft\u00e9s et perspectives<\/p>\n\n\n\n<p><strong><em>Seconde conf\u00e9rence :<\/em><\/strong><br>Fran\u00e7ois Schreuer, Association sans but lucratif (ASBL) Urbagora, Li\u00e8ge : la mise en place des dessertes suburbaines \u00e0 Li\u00e8ge.<\/p>\n\n\n\n<p><strong><mark style=\"background-color:#fcb900\" class=\"has-inline-color\">Le replay (4 heures) est disponible en d\u00e9but d&rsquo;article.<\/mark><\/strong><\/p>\n\n\n\n<p><\/p>\n\n\n\n<figure class=\"wp-block-image size-large\"><img decoding=\"async\" loading=\"lazy\" width=\"724\" height=\"1024\" src=\"http:\/\/5.45.101.177\/entrain\/wp-content\/uploads\/2024\/09\/Entrain-forum2024-flyer-final-R-724x1024.jpg\" alt=\"\" class=\"wp-image-877\" srcset=\"https:\/\/reseauentrain.eu\/wp-content\/uploads\/2024\/09\/Entrain-forum2024-flyer-final-R-724x1024.jpg 724w, https:\/\/reseauentrain.eu\/wp-content\/uploads\/2024\/09\/Entrain-forum2024-flyer-final-R-212x300.jpg 212w, https:\/\/reseauentrain.eu\/wp-content\/uploads\/2024\/09\/Entrain-forum2024-flyer-final-R-768x1087.jpg 768w, https:\/\/reseauentrain.eu\/wp-content\/uploads\/2024\/09\/Entrain-forum2024-flyer-final-R-600x849.jpg 600w, https:\/\/reseauentrain.eu\/wp-content\/uploads\/2024\/09\/Entrain-forum2024-flyer-final-R-1000x1415.jpg 1000w, https:\/\/reseauentrain.eu\/wp-content\/uploads\/2024\/09\/Entrain-forum2024-flyer-final-R-230x325.jpg 230w, https:\/\/reseauentrain.eu\/wp-content\/uploads\/2024\/09\/Entrain-forum2024-flyer-final-R-350x495.jpg 350w, https:\/\/reseauentrain.eu\/wp-content\/uploads\/2024\/09\/Entrain-forum2024-flyer-final-R-480x679.jpg 480w, https:\/\/reseauentrain.eu\/wp-content\/uploads\/2024\/09\/Entrain-forum2024-flyer-final-R.jpg 1058w\" sizes=\"(max-width: 724px) 100vw, 724px\" \/><\/figure>\n\n\n\n<figure class=\"wp-block-image size-large\"><img decoding=\"async\" loading=\"lazy\" width=\"724\" height=\"1024\" src=\"http:\/\/5.45.101.177\/entrain\/wp-content\/uploads\/2024\/09\/Entrain-forum2024-flyer-final-V-724x1024.jpg\" alt=\"\" class=\"wp-image-878\" srcset=\"https:\/\/reseauentrain.eu\/wp-content\/uploads\/2024\/09\/Entrain-forum2024-flyer-final-V-724x1024.jpg 724w, https:\/\/reseauentrain.eu\/wp-content\/uploads\/2024\/09\/Entrain-forum2024-flyer-final-V-212x300.jpg 212w, https:\/\/reseauentrain.eu\/wp-content\/uploads\/2024\/09\/Entrain-forum2024-flyer-final-V-768x1087.jpg 768w, https:\/\/reseauentrain.eu\/wp-content\/uploads\/2024\/09\/Entrain-forum2024-flyer-final-V-600x849.jpg 600w, https:\/\/reseauentrain.eu\/wp-content\/uploads\/2024\/09\/Entrain-forum2024-flyer-final-V-1000x1415.jpg 1000w, https:\/\/reseauentrain.eu\/wp-content\/uploads\/2024\/09\/Entrain-forum2024-flyer-final-V-230x325.jpg 230w, https:\/\/reseauentrain.eu\/wp-content\/uploads\/2024\/09\/Entrain-forum2024-flyer-final-V-350x495.jpg 350w, https:\/\/reseauentrain.eu\/wp-content\/uploads\/2024\/09\/Entrain-forum2024-flyer-final-V-480x679.jpg 480w, https:\/\/reseauentrain.eu\/wp-content\/uploads\/2024\/09\/Entrain-forum2024-flyer-final-V.jpg 1058w\" sizes=\"(max-width: 724px) 100vw, 724px\" \/><\/figure>\n\n\n\n<p>La Condition Publique lieu du Forum 2024. B\u00e2tie en 1902 par l&rsquo;architecte\u00a0Albert Bouvy, elle doit servir d&rsquo;entrep\u00f4t de conditionnement de laine, de soie et de coton. En 2003, le b\u00e2timent est r\u00e9habilit\u00e9 sous la direction de l&rsquo;architecte\u00a0Patrick Bouchain\u00a0afin de cr\u00e9er une \u00ab\u00a0manufacture culturelle\u00a0\u00bb. Il est inaugur\u00e9 lors de l&rsquo;\u00e9v\u00e8nement\u00a0\u00ab\u00a0Lille 2004,\u00a0capitale europ\u00e9enne de la culture\u00a0\u00bb.<\/p>\n\n\n\n<figure class=\"wp-block-image size-large\"><img decoding=\"async\" loading=\"lazy\" width=\"1024\" height=\"768\" src=\"http:\/\/5.45.101.177\/entrain\/wp-content\/uploads\/2024\/10\/La_condition_publique_facade-1024x768.jpg\" alt=\"\" class=\"wp-image-934\" srcset=\"https:\/\/reseauentrain.eu\/wp-content\/uploads\/2024\/10\/La_condition_publique_facade-1024x768.jpg 1024w, https:\/\/reseauentrain.eu\/wp-content\/uploads\/2024\/10\/La_condition_publique_facade-300x225.jpg 300w, https:\/\/reseauentrain.eu\/wp-content\/uploads\/2024\/10\/La_condition_publique_facade-768x576.jpg 768w, https:\/\/reseauentrain.eu\/wp-content\/uploads\/2024\/10\/La_condition_publique_facade-1536x1152.jpg 1536w, https:\/\/reseauentrain.eu\/wp-content\/uploads\/2024\/10\/La_condition_publique_facade-600x450.jpg 600w, https:\/\/reseauentrain.eu\/wp-content\/uploads\/2024\/10\/La_condition_publique_facade-1000x750.jpg 1000w, https:\/\/reseauentrain.eu\/wp-content\/uploads\/2024\/10\/La_condition_publique_facade-230x173.jpg 230w, https:\/\/reseauentrain.eu\/wp-content\/uploads\/2024\/10\/La_condition_publique_facade-350x263.jpg 350w, https:\/\/reseauentrain.eu\/wp-content\/uploads\/2024\/10\/La_condition_publique_facade-480x360.jpg 480w, https:\/\/reseauentrain.eu\/wp-content\/uploads\/2024\/10\/La_condition_publique_facade.jpg 2000w\" sizes=\"(max-width: 1024px) 100vw, 1024px\" \/><\/figure>\n\n\n\n<hr class=\"wp-block-separator has-alpha-channel-opacity\"\/>\n\n\n\n<p> Pour m\u00e9moire le <a href=\"http:\/\/5.45.101.177\/entrain\/forum-2023\/\">Forum 2023<\/a> \u00e0 Bruxelles.<\/p>\n","protected":false},"excerpt":{"rendered":"<p>Le Forum 2024 du R\u00e9seau #enTrain a eu lieu \u00e0 Roubaix le vendredi 11 octobre 2024 pr\u00e8s de Lille, capitale des Flandres.&hellip; <a class=\"read-more-link\" href=\"https:\/\/reseauentrain.eu\/?page_id=758\">En lire plus<\/a><\/p>\n","protected":false},"author":1,"featured_media":0,"parent":0,"menu_order":0,"comment_status":"closed","ping_status":"closed","template":"","meta":[],"_links":{"self":[{"href":"https:\/\/reseauentrain.eu\/index.php?rest_route=\/wp\/v2\/pages\/758"}],"collection":[{"href":"https:\/\/reseauentrain.eu\/index.php?rest_route=\/wp\/v2\/pages"}],"about":[{"href":"https:\/\/reseauentrain.eu\/index.php?rest_route=\/wp\/v2\/types\/page"}],"author":[{"embeddable":true,"href":"https:\/\/reseauentrain.eu\/index.php?rest_route=\/wp\/v2\/users\/1"}],"replies":[{"embeddable":true,"href":"https:\/\/reseauentrain.eu\/index.php?rest_route=%2Fwp%2Fv2%2Fcomments&post=758"}],"version-history":[{"count":19,"href":"https:\/\/reseauentrain.eu\/index.php?rest_route=\/wp\/v2\/pages\/758\/revisions"}],"predecessor-version":[{"id":935,"href":"https:\/\/reseauentrain.eu\/index.php?rest_route=\/wp\/v2\/pages\/758\/revisions\/935"}],"wp:attachment":[{"href":"https:\/\/reseauentrain.eu\/index.php?rest_route=%2Fwp%2Fv2%2Fmedia&parent=758"}],"curies":[{"name":"wp","href":"https:\/\/api.w.org\/{rel}","templated":true}]}}